{"id":5483,"date":"2026-02-08T11:33:31","date_gmt":"2026-02-08T08:33:31","guid":{"rendered":"https:\/\/new.limoncloud.com\/digital-transformation-and-business-solutions\/yapay-zeka-ve-veri-hizmetleri\/"},"modified":"2026-02-17T18:24:54","modified_gmt":"2026-02-17T15:24:54","slug":"artificial-intelligence-and-data-services","status":"publish","type":"page","link":"https:\/\/www.limoncloud.com\/en\/digital-transformation-and-business-solutions\/artificial-intelligence-and-data-services\/","title":{"rendered":"Artificial Intelligence and Data Services"},"content":{"rendered":"\t\t<div data-elementor-type=\"wp-page\" data-elementor-id=\"5483\" class=\"elementor elementor-5483 elementor-4377\" data-elementor-post-type=\"page\">\n\t\t\t\t<div class=\"elementor-element elementor-element-d60a4d4 e-con-full e-flex e-con e-child\" data-id=\"d60a4d4\" data-element_type=\"container\" data-e-type=\"container\">\n\t\t<div class=\"elementor-element elementor-element-c0fff84 e-con-full lc-lower-nav e-flex e-con e-child\" data-id=\"c0fff84\" data-element_type=\"container\" data-e-type=\"container\" data-settings=\"{&quot;sticky&quot;:&quot;top&quot;,&quot;sticky_parent&quot;:&quot;yes&quot;,&quot;sticky_offset&quot;:40,&quot;sticky_on&quot;:[&quot;desktop&quot;,&quot;laptop&quot;,&quot;tablet&quot;,&quot;mobile&quot;],&quot;sticky_effects_offset&quot;:0,&quot;sticky_anchor_link_offset&quot;:0}\">\n\t\t\t\t<div class=\"elementor-element elementor-element-f943e3d elementor-widget elementor-widget-breadcrumbs\" data-id=\"f943e3d\" data-element_type=\"widget\" data-e-type=\"widget\" data-widget_type=\"breadcrumbs.default\">\n\t\t\t\t<div class=\"elementor-widget-container\">\n\t\t\t\t\t<nav aria-label=\"breadcrumbs\" class=\"rank-math-breadcrumb\"><p><span class=\"last\">Anasayfa<\/span><\/p><\/nav>\t\t\t\t<\/div>\n\t\t\t\t<\/div>\n\t\t\t\t<\/div>\n\t\t\t\t<\/div>\n\t\t<div class=\"elementor-element elementor-element-1258778 e-con-full e-flex e-con e-parent\" data-id=\"1258778\" data-element_type=\"container\" data-e-type=\"container\" data-settings=\"{&quot;background_background&quot;:&quot;classic&quot;}\">\n\t\t<div class=\"elementor-element elementor-element-8532234 e-flex e-con-boxed e-con e-child\" data-id=\"8532234\" data-element_type=\"container\" data-e-type=\"container\">\n\t\t\t\t\t<div class=\"e-con-inner\">\n\t\t<div class=\"elementor-element elementor-element-204fcc9 e-con-full e-flex e-con e-child\" data-id=\"204fcc9\" data-element_type=\"container\" data-e-type=\"container\">\n\t\t\t\t<div class=\"elementor-element elementor-element-5729b68 elementor-widget-tablet__width-inherit elementor-widget elementor-widget-heading\" data-id=\"5729b68\" data-element_type=\"widget\" data-e-type=\"widget\" data-widget_type=\"heading.default\">\n\t\t\t\t\t<h1 class=\"elementor-heading-title elementor-size-default\">Artificial Intelligence and Data Services<\/h1>\t\t\t\t<\/div>\n\t\t\t\t<div class=\"elementor-element elementor-element-e7f9171 elementor-widget-tablet__width-inherit elementor-widget-mobile__width-inherit elementor-widget elementor-widget-text-editor\" data-id=\"e7f9171\" data-element_type=\"widget\" data-e-type=\"widget\" data-widget_type=\"text-editor.default\">\n\t\t\t\t\t\t\t\t\tOptimize your application performance and security with LimonCloud\u2019s AWS-powered solutions.\t\t\t\t\t\t\t\t<\/div>\n\t\t\t\t<div class=\"elementor-element elementor-element-13a0a51 elementor-align-justify elementor-widget__width-initial elementor-tablet-align-center elementor-mobile-align-justify elementor-widget elementor-widget-button\" data-id=\"13a0a51\" data-element_type=\"widget\" data-e-type=\"widget\" data-widget_type=\"button.default\">\n\t\t\t\t\t\t\t\t\t\t<a class=\"elementor-button elementor-button-link elementor-size-sm\" href=\"https:\/\/limoncloud.com\/iletisim\/\" target=\"_blank\" rel=\"noopener\">\n\t\t\t\t\t\t<span class=\"elementor-button-content-wrapper\">\n\t\t\t\t\t\t\t\t\t<span class=\"elementor-button-text\">To get started<\/span>\n\t\t\t\t\t<\/span>\n\t\t\t\t\t<\/a>\n\t\t\t\t\t\t\t\t<\/div>\n\t\t\t\t<\/div>\n\t\t<div class=\"elementor-element elementor-element-ccf5f14 e-con-full e-flex e-con e-child\" data-id=\"ccf5f14\" data-element_type=\"container\" data-e-type=\"container\">\n\t\t<div class=\"elementor-element elementor-element-0a0fca9 e-con-full e-flex e-con e-child\" data-id=\"0a0fca9\" data-element_type=\"container\" data-e-type=\"container\">\n\t\t\t\t<div class=\"elementor-element elementor-element-b5ee22f elementor-widget elementor-widget-image\" data-id=\"b5ee22f\" data-element_type=\"widget\" data-e-type=\"widget\" data-widget_type=\"image.default\">\n\t\t\t\t\t\t\t\t\t\t\t\t\t\t\t<img fetchpriority=\"high\" decoding=\"async\" width=\"1155\" height=\"480\" src=\"https:\/\/www.limoncloud.com\/wp-content\/uploads\/2026\/01\/AWS-Well-Architected-Framework.webp\" class=\"attachment-full size-full wp-image-5277\" alt=\"\" srcset=\"https:\/\/www.limoncloud.com\/wp-content\/uploads\/2026\/01\/AWS-Well-Architected-Framework.webp 1155w, https:\/\/www.limoncloud.com\/wp-content\/uploads\/2026\/01\/AWS-Well-Architected-Framework-300x125.webp 300w, https:\/\/www.limoncloud.com\/wp-content\/uploads\/2026\/01\/AWS-Well-Architected-Framework-1024x426.webp 1024w, https:\/\/www.limoncloud.com\/wp-content\/uploads\/2026\/01\/AWS-Well-Architected-Framework-768x319.webp 768w\" sizes=\"(max-width: 1155px) 100vw, 1155px\" \/>\t\t\t\t\t\t\t\t\t\t\t\t\t\t\t<\/div>\n\t\t\t\t<div class=\"elementor-element elementor-element-0e9ce6b elementor-absolute elementor-hidden-mobile elementor-widget elementor-widget-image\" data-id=\"0e9ce6b\" data-element_type=\"widget\" data-e-type=\"widget\" data-settings=\"{&quot;_position&quot;:&quot;absolute&quot;}\" data-widget_type=\"image.default\">\n\t\t\t\t\t\t\t\t\t\t\t\t\t\t\t<img decoding=\"async\" width=\"117\" height=\"115\" src=\"https:\/\/www.limoncloud.com\/wp-content\/uploads\/2025\/12\/gorsel-ustu-gri-logo-kare.png\" class=\"attachment-full size-full wp-image-5262\" alt=\"\" srcset=\"https:\/\/www.limoncloud.com\/wp-content\/uploads\/2025\/12\/gorsel-ustu-gri-logo-kare.png 117w, https:\/\/www.limoncloud.com\/wp-content\/uploads\/2025\/12\/elementor\/thumbs\/gorsel-ustu-gri-logo-kare-rgs50vg3pyohw9pqgu3u9baq25v4doqvoexg5jzvqs.png 50w, https:\/\/www.limoncloud.com\/wp-content\/uploads\/2025\/12\/elementor\/thumbs\/gorsel-ustu-gri-logo-kare-rgs50vg3qegut30tv9j0zsxenzx71y24iebisn1ayc.png 51w\" sizes=\"(max-width: 117px) 100vw, 117px\" \/>\t\t\t\t\t\t\t\t\t\t\t\t\t\t\t<\/div>\n\t\t\t\t<div class=\"elementor-element elementor-element-dad50af elementor-absolute elementor-hidden-desktop elementor-hidden-tablet elementor-hidden-laptop elementor-widget elementor-widget-image\" data-id=\"dad50af\" data-element_type=\"widget\" data-e-type=\"widget\" data-settings=\"{&quot;_position&quot;:&quot;absolute&quot;}\" data-widget_type=\"image.default\">\n\t\t\t\t\t\t\t\t\t\t\t\t\t\t\t<img decoding=\"async\" src=\"https:\/\/www.limoncloud.com\/wp-content\/uploads\/elementor\/thumbs\/gorsel-ustu-gri-logo-kare-rgs50vg341akbkb0ff0hgtsjqezeor4m19ds3c0qv4.png\" title=\"gorsel ustu gri logo kare\" alt=\"gorsel ustu gri logo kare\" loading=\"lazy\" \/>\t\t\t\t\t\t\t\t\t\t\t\t\t\t\t<\/div>\n\t\t\t\t<\/div>\n\t\t\t\t<\/div>\n\t\t<div class=\"elementor-element elementor-element-0340562 e-con-full e-flex e-con e-child\" data-id=\"0340562\" data-element_type=\"container\" data-e-type=\"container\">\n\t\t\t\t<div class=\"elementor-element elementor-element-a88ca6f elementor-widget__width-inherit elementor-widget elementor-widget-heading\" data-id=\"a88ca6f\" data-element_type=\"widget\" data-e-type=\"widget\" data-widget_type=\"heading.default\">\n\t\t\t\t\t<h2 class=\"elementor-heading-title elementor-size-default\">Overview<\/h2>\t\t\t\t<\/div>\n\t\t\t\t<div class=\"elementor-element elementor-element-6eb65fc elementor-widget elementor-widget-text-editor\" data-id=\"6eb65fc\" data-element_type=\"widget\" data-e-type=\"widget\" data-widget_type=\"text-editor.default\">\n\t\t\t\t\t\t\t\t\tLimonCloud ensures your data is always secure and protected with AWS-powered backup and restore solutions. Our service delivers automated, scalable, and secure backups for your critical data, enabling rapid recovery in the event of loss or corruption.\n\nBy focusing on ease of use, cost efficiency, and comprehensive coverage for all your backup needs, we tailor Backup and Disaster Recovery (DR) solutions to safeguard your data, applications, and services during outages or unexpected disruptions.\n\n\u0130stersen bunu website i\u00e7in daha \u201centerprise\u201d tone\u2019da ya da daha sat\u0131\u015f odakl\u0131 (marketing-style) bir versiyona da \u00e7evirebilirim.\t\t\t\t\t\t\t\t<\/div>\n\t\t\t\t<\/div>\n\t\t\t\t\t<\/div>\n\t\t\t\t<\/div>\n\t\t\t\t<\/div>\n\t\t<div class=\"elementor-element elementor-element-ec2e19b e-flex e-con-boxed e-con e-parent\" data-id=\"ec2e19b\" data-element_type=\"container\" data-e-type=\"container\">\n\t\t\t\t\t<div class=\"e-con-inner\">\n\t\t\t\t\t<\/div>\n\t\t\t\t<\/div>\n\t\t\t\t<\/div>\n\t\t","protected":false},"excerpt":{"rendered":"<p>Anasayfa Optimize your application performance and security with LimonCloud\u2019s AWS-powered solutions. To get started Overview LimonCloud ensures your data is always secure and protected with AWS-powered backup and restore solutions. Our service delivers automated, scalable, and secure backups for your critical data, enabling rapid recovery in the event of loss or corruption. By focusing on [&hellip;]<\/p>\n","protected":false},"author":1,"featured_media":5277,"parent":5276,"menu_order":0,"comment_status":"closed","ping_status":"closed","template":"","meta":{"footnotes":""},"categories":[66],"tags":[],"class_list":["post-5483","page","type-page","status-publish","has-post-thumbnail","hentry","category-digital-solutions"],"_links":{"self":[{"href":"https:\/\/www.limoncloud.com\/en\/wp-json\/wp\/v2\/pages\/5483","targetHints":{"allow":["GET"]}}],"collection":[{"href":"https:\/\/www.limoncloud.com\/en\/wp-json\/wp\/v2\/pages"}],"about":[{"href":"https:\/\/www.limoncloud.com\/en\/wp-json\/wp\/v2\/types\/page"}],"author":[{"embeddable":true,"href":"https:\/\/www.limoncloud.com\/en\/wp-json\/wp\/v2\/users\/1"}],"replies":[{"embeddable":true,"href":"https:\/\/www.limoncloud.com\/en\/wp-json\/wp\/v2\/comments?post=5483"}],"version-history":[{"count":5,"href":"https:\/\/www.limoncloud.com\/en\/wp-json\/wp\/v2\/pages\/5483\/revisions"}],"predecessor-version":[{"id":5489,"href":"https:\/\/www.limoncloud.com\/en\/wp-json\/wp\/v2\/pages\/5483\/revisions\/5489"}],"up":[{"embeddable":true,"href":"https:\/\/www.limoncloud.com\/en\/wp-json\/wp\/v2\/pages\/5276"}],"wp:featuredmedia":[{"embeddable":true,"href":"https:\/\/www.limoncloud.com\/en\/wp-json\/wp\/v2\/media\/5277"}],"wp:attachment":[{"href":"https:\/\/www.limoncloud.com\/en\/wp-json\/wp\/v2\/media?parent=5483"}],"wp:term":[{"taxonomy":"category","embeddable":true,"href":"https:\/\/www.limoncloud.com\/en\/wp-json\/wp\/v2\/categories?post=5483"},{"taxonomy":"post_tag","embeddable":true,"href":"https:\/\/www.limoncloud.com\/en\/wp-json\/wp\/v2\/tags?post=5483"}],"curies":[{"name":"wp","href":"https:\/\/api.w.org\/{rel}","templated":true}]}}